{"id":53401,"date":"2023-01-24T09:33:14","date_gmt":"2023-01-24T09:33:14","guid":{"rendered":"https:\/\/www.ripleg.com\/?page_id=53401"},"modified":"2025-11-28T08:52:21","modified_gmt":"2025-11-28T08:52:21","slug":"habillage-dascenseur","status":"publish","type":"page","link":"https:\/\/www.ripleg.com\/fr\/habillage-dascenseur\/","title":{"rendered":"Habillage d\u2019ascenseur"},"content":{"rendered":"\t\t<div data-elementor-type=\"wp-page\" data-elementor-id=\"53401\" class=\"elementor elementor-53401 elementor-48194\" data-elementor-post-type=\"page\">\n\t\t\t\t\t\t<section class=\"elementor-section elementor-top-section elementor-element elementor-element-4588712 elementor-section-boxed elementor-section-height-default elementor-section-height-default\" data-id=\"4588712\" data-element_type=\"section\" data-e-type=\"section\">\n\t\t\t\t\t\t<div class=\"elementor-container elementor-column-gap-default\">\n\t\t\t\t\t<div class=\"elementor-column elementor-col-50 elementor-top-column elementor-element elementor-element-b1b2e70\" data-id=\"b1b2e70\" data-element_type=\"column\" data-e-type=\"column\">\n\t\t\t<div class=\"elementor-widget-wrap elementor-element-populated\">\n\t\t\t\t\t\t<section class=\"elementor-section elementor-inner-section elementor-element elementor-element-5572b9d elementor-section-boxed elementor-section-height-default elementor-section-height-default\" data-id=\"5572b9d\" data-element_type=\"section\" data-e-type=\"section\">\n\t\t\t\t\t\t<div class=\"elementor-container elementor-column-gap-default\">\n\t\t\t\t\t<div class=\"elementor-column elementor-col-100 elementor-inner-column elementor-element elementor-element-1c06c2b\" data-id=\"1c06c2b\" data-element_type=\"column\" data-e-type=\"column\">\n\t\t\t<div class=\"elementor-widget-wrap elementor-element-populated\">\n\t\t\t\t\t\t<div class=\"elementor-element elementor-element-692c5ea elementor-widget elementor-widget-heading\" data-id=\"692c5ea\" data-element_type=\"widget\" data-e-type=\"widget\" data-widget_type=\"heading.default\">\n\t\t\t\t\t<h1 class=\"elementor-heading-title elementor-size-default\">Habillage d\u2019ascenseur<\/h1>\t\t\t\t<\/div>\n\t\t\t\t<div class=\"elementor-element elementor-element-159d2a1 elementor-widget elementor-widget-heading\" data-id=\"159d2a1\" data-element_type=\"widget\" data-e-type=\"widget\" data-widget_type=\"heading.default\">\n\t\t\t\t\t<h3 class=\"elementor-heading-title elementor-size-default\">Ing\u00e9nierie m\u00e9canique<\/h3>\t\t\t\t<\/div>\n\t\t\t\t<div class=\"elementor-element elementor-element-78632e6 elementor-widget elementor-widget-text-editor\" data-id=\"78632e6\" data-element_type=\"widget\" data-e-type=\"widget\" data-widget_type=\"text-editor.default\">\n\t\t\t\t\t\t\t\t\t<div class=\"elementor-element elementor-element-78632e6 elementor-widget elementor-widget-text-editor\" data-id=\"78632e6\" data-element_type=\"widget\" data-widget_type=\"text-editor.default\"><div class=\"elementor-widget-container\"><div class=\"elementor-element elementor-element-78632e6 elementor-widget elementor-widget-text-editor\" data-id=\"78632e6\" data-element_type=\"widget\" data-widget_type=\"text-editor.default\"><div class=\"elementor-widget-container\"><p>1 Pi\u00e8ces | 1 Types de formage | 3 Outils de d\u00e9coupe<\/p><\/div><\/div><\/div><\/div>\t\t\t\t\t\t\t\t<\/div>\n\t\t\t\t<div class=\"elementor-element elementor-element-81eae36 elementor-widget elementor-widget-text-editor\" data-id=\"81eae36\" data-element_type=\"widget\" data-e-type=\"widget\" data-widget_type=\"text-editor.default\">\n\t\t\t\t\t\t\t\t\t<div class=\"description\"><p>\u00c9l\u00e9ment int\u00e9rieur d\u2019un ascenseur avec des dispositifs de ventilation int\u00e9gr\u00e9s. Avant que la pi\u00e8ce ne soit pli\u00e9e sur la plieuse rotative, toutes les autres caract\u00e9ristiques peuvent \u00eatre r\u00e9alis\u00e9es sur la poin\u00e7onneuse avec une qualit\u00e9 esth\u00e9tique \u00e9lev\u00e9e.<\/p><\/div>\t\t\t\t\t\t\t\t<\/div>\n\t\t\t\t\t<\/div>\n\t\t<\/div>\n\t\t\t\t\t<\/div>\n\t\t<\/section>\n\t\t\t\t<section class=\"elementor-section elementor-inner-section elementor-element elementor-element-279a9fb elementor-section-boxed elementor-section-height-default elementor-section-height-default\" data-id=\"279a9fb\" data-element_type=\"section\" data-e-type=\"section\">\n\t\t\t\t\t\t<div class=\"elementor-container elementor-column-gap-default\">\n\t\t\t\t\t<div class=\"elementor-column elementor-col-100 elementor-inner-column elementor-element elementor-element-2e6b306\" data-id=\"2e6b306\" data-element_type=\"column\" data-e-type=\"column\">\n\t\t\t<div class=\"elementor-widget-wrap elementor-element-populated\">\n\t\t\t\t\t\t<div class=\"elementor-element elementor-element-35d8bdf elementor-widget elementor-widget-heading\" data-id=\"35d8bdf\" data-element_type=\"widget\" data-e-type=\"widget\" data-widget_type=\"heading.default\">\n\t\t\t\t\t<h4 class=\"elementor-heading-title elementor-size-default\">Techniques de base utilis\u00e9es dans cette pi\u00e8ce :<\/h4>\t\t\t\t<\/div>\n\t\t\t\t<div class=\"elementor-element elementor-element-7ebb4e1 elementor-icon-list--layout-inline elementor-align-start elementor-list-item-link-full_width elementor-widget elementor-widget-icon-list\" data-id=\"7ebb4e1\" data-element_type=\"widget\" data-e-type=\"widget\" data-widget_type=\"icon-list.default\">\n\t\t\t\t\t\t\t<ul class=\"elementor-icon-list-items elementor-inline-items\">\n\t\t\t\t\t\t\t<li class=\"elementor-icon-list-item elementor-inline-item\">\n\t\t\t\t\t\t\t\t\t\t<span class=\"elementor-icon-list-text\">coupelles<\/span>\n\t\t\t\t\t\t\t\t\t<\/li>\n\t\t\t\t\t\t\t\t<li class=\"elementor-icon-list-item elementor-inline-item\">\n\t\t\t\t\t\t\t\t\t\t\t<a href=\"https:\/\/www.ripleg.com\/fr\/multishear\/\" target=\"_blank\">\n\n\t\t\t\t\t\t\t\t\t\t\t<span class=\"elementor-icon-list-text\">multishear<\/span>\n\t\t\t\t\t\t\t\t\t\t\t<\/a>\n\t\t\t\t\t\t\t\t\t<\/li>\n\t\t\t\t\t\t\t\t<li class=\"elementor-icon-list-item elementor-inline-item\">\n\t\t\t\t\t\t\t\t\t\t\t<a href=\"https:\/\/www.ripleg.com\/fr\/formes-standard\/\" target=\"_blank\">\n\n\t\t\t\t\t\t\t\t\t\t\t<span class=\"elementor-icon-list-text\">formes standard<\/span>\n\t\t\t\t\t\t\t\t\t\t\t<\/a>\n\t\t\t\t\t\t\t\t\t<\/li>\n\t\t\t\t\t\t\t\t<li class=\"elementor-icon-list-item elementor-inline-item\">\n\t\t\t\t\t\t\t\t\t\t<span class=\"elementor-icon-list-text\">formage de fils<\/span>\n\t\t\t\t\t\t\t\t\t<\/li>\n\t\t\t\t\t\t<\/ul>\n\t\t\t\t\t\t<\/div>\n\t\t\t\t\t<\/div>\n\t\t<\/div>\n\t\t\t\t\t<\/div>\n\t\t<\/section>\n\t\t\t\t\t<\/div>\n\t\t<\/div>\n\t\t\t\t<div class=\"elementor-column elementor-col-50 elementor-top-column elementor-element elementor-element-ca6112e\" data-id=\"ca6112e\" data-element_type=\"column\" data-e-type=\"column\">\n\t\t\t<div class=\"elementor-widget-wrap elementor-element-populated\">\n\t\t\t\t\t\t<div class=\"elementor-element elementor-element-e254c27 elementor-align-right elementor-widget elementor-widget-button\" data-id=\"e254c27\" data-element_type=\"widget\" data-e-type=\"widget\" data-widget_type=\"button.default\">\n\t\t\t\t\t\t\t\t\t\t<a class=\"elementor-button elementor-button-link elementor-size-sm\" href=\"https:\/\/www.ripleg.com\/fr\/punchguide-eines\/\">\n\t\t\t\t\t\t<span class=\"elementor-button-content-wrapper\">\n\t\t\t\t\t\t<span class=\"elementor-button-icon\">\n\t\t\t\t<svg aria-hidden=\"true\" class=\"e-font-icon-svg e-fas-chevron-left\" viewBox=\"0 0 320 512\" xmlns=\"http:\/\/www.w3.org\/2000\/svg\"><path d=\"M34.52 239.03L228.87 44.69c9.37-9.37 24.57-9.37 33.94 0l22.67 22.67c9.36 9.36 9.37 24.52.04 33.9L131.49 256l154.02 154.75c9.34 9.38 9.32 24.54-.04 33.9l-22.67 22.67c-9.37 9.37-24.57 9.37-33.94 0L34.52 272.97c-9.37-9.37-9.37-24.57 0-33.94z\"><\/path><\/svg>\t\t\t<\/span>\n\t\t\t\t\t\t\t\t\t<span class=\"elementor-button-text\">Retour<\/span>\n\t\t\t\t\t<\/span>\n\t\t\t\t\t<\/a>\n\t\t\t\t\t\t\t\t<\/div>\n\t\t\t\t<div class=\"elementor-element elementor-element-108b462 elementor-widget elementor-widget-the7_photo-scroller\" data-id=\"108b462\" data-element_type=\"widget\" data-e-type=\"widget\" data-widget_type=\"the7_photo-scroller.default\">\n\t\t\t\t<div class=\"elementor-widget-container\">\n\t\t\t\t\t\t\t<div class=\"photo-scroller the7_photo-scroller-108b462 fullscreen-off hide-inactive-content\" data-scale=\"fit\" data-autoslide=\"false\" data-play-on-hover=\"false\" data-delay=\"5000\" data-show-thumbnails=\"true\" data-thumb-position=\"outside\" data-thumb-height=\"100\" data-thumb-width=\"100\" data-thumb-space=\"20\" data-thumb-padding-top=\"0\" data-thumb-padding-bottom=\"0\" data-cntr-space-bottom=\"5\" data-transparency=\"0.15\" data-arrows=\"true\" data-arrows_tablet=\"true\" data-arrows_mobile=\"true\" data-next-icon=\"fas fa-chevron-right\" data-prev-icon=\"fas fa-chevron-left\" data-r-arrow-v-position=\"center\" data-r-arrow-h-position=\"right\" data-l-arrow-v-position=\"center\" data-l-arrow-h-position=\"left\" data-ls-fill-dt=\"fit\" data-ls-fill-tablet=\"fit\" data-pt-fill-dt=\"fill\" data-pt-fill-tablet=\"fill\" data-pt-fill-mob=\"fill\" data-ls-fill-mob=\"fit\" data-padding-top=\"0\" data-padding-bottom=\"0\" data-padding-side=\"0\" data-padding-left=\"0\" data-t-padding-top=\"0\" data-t-padding-bottom=\"0\" data-t-padding-side=\"0\" data-t-padding-left=\"0\" data-m-padding-top=\"0\" data-m-padding-bottom=\"0\" data-m-padding-side=\"0\" data-m-padding-left=\"0\" data-ls-max=\"100\" data-t-ls-max=\"100\" data-m-ls-max=\"100\" data-ls-min=\"0\" data-t-ls-min=\"0\" data-m-ls-min=\"0\" data-pt-max=\"100\" data-t-pt-max=\"100\" data-m-pt-max=\"100\" data-pt-min=\"0\" data-t-pt-min=\"0\" data-m-pt-min=\"0\" data-height=\"500\" data-tablet-height=\"500\" data-mobile-height=\"500\">\n\t\t\t<div class=\"photoSlider \">\n\t\t\t\t<figure data-width=\"1280\" data-height=\"1024\"><a href=\" https:\/\/www.ripleg.com\/wp-content\/uploads\/2023\/01\/P013-1.jpeg \"<a href=\"https:\/\/www.ripleg.com\/wp-content\/uploads\/2023\/01\/P013-1.jpeg\" class=\"post-thumbnail-rollover layzr-bg\" title=\"P013-1\"  aria-label=\"Image article\"><img fetchpriority=\"high\" decoding=\"async\" src=\"data:image\/svg+xml,%3Csvg%20xmlns%3D&#39;http%3A%2F%2Fwww.w3.org%2F2000%2Fsvg&#39;%20viewBox%3D&#39;0%200%201280%201024&#39;%2F%3E\" data-src=\"https:\/\/www.ripleg.com\/wp-content\/uploads\/2023\/01\/P013-1.jpeg\" data-srcset=\"https:\/\/www.ripleg.com\/wp-content\/uploads\/2023\/01\/P013-1.jpeg 1280w\" loading=\"eager\" style=\"--ratio: 1280 \/ 1024\" sizes=\"(max-width: 1280px) 100vw, 1280px\" class=\"preload-me photo-thumb-lazy-load aspect\" width=\"1280\" height=\"1024\"  alt=\"\" title=\"P013-1\" \/><\/a><\/a><\/figure><figure data-width=\"1280\" data-height=\"1024\"><a href=\" https:\/\/www.ripleg.com\/wp-content\/uploads\/2023\/01\/P013-2.jpeg \"<a href=\"https:\/\/www.ripleg.com\/wp-content\/uploads\/2023\/01\/P013-2.jpeg\" class=\"post-thumbnail-rollover layzr-bg\" title=\"P013-2\"  aria-label=\"Image article\"><img decoding=\"async\" src=\"data:image\/svg+xml,%3Csvg%20xmlns%3D&#39;http%3A%2F%2Fwww.w3.org%2F2000%2Fsvg&#39;%20viewBox%3D&#39;0%200%201280%201024&#39;%2F%3E\" data-src=\"https:\/\/www.ripleg.com\/wp-content\/uploads\/2023\/01\/P013-2.jpeg\" data-srcset=\"https:\/\/www.ripleg.com\/wp-content\/uploads\/2023\/01\/P013-2.jpeg 1280w\" loading=\"eager\" style=\"--ratio: 1280 \/ 1024\" sizes=\"(max-width: 1280px) 100vw, 1280px\" class=\"preload-me photo-thumb-lazy-load aspect\" width=\"1280\" height=\"1024\"  alt=\"\" title=\"P013-2\" \/><\/a><\/a><div class=\"album-content-description\" ><div class=\"content-description-inner\"><p class=\"text-small\">Des rainures sans fin sont utilis\u00e9es pour l\u2019a\u00e9ration, dont la longueur sp\u00e9cifique permet non seulement d\u2019obtenir une surface esth\u00e9tiquement soign\u00e9e, mais aussi d\u2019offrir un volume suffisant pour une bonne a\u00e9ration.<\/p><\/div><\/div><\/figure><figure data-width=\"1280\" data-height=\"1024\"><a href=\" https:\/\/www.ripleg.com\/wp-content\/uploads\/2023\/01\/P013-3.jpeg \"<a href=\"https:\/\/www.ripleg.com\/wp-content\/uploads\/2023\/01\/P013-3.jpeg\" class=\"post-thumbnail-rollover layzr-bg\" title=\"P013-3\"  aria-label=\"Image article\"><img decoding=\"async\" src=\"data:image\/svg+xml,%3Csvg%20xmlns%3D&#39;http%3A%2F%2Fwww.w3.org%2F2000%2Fsvg&#39;%20viewBox%3D&#39;0%200%201280%201024&#39;%2F%3E\" data-src=\"https:\/\/www.ripleg.com\/wp-content\/uploads\/2023\/01\/P013-3.jpeg\" data-srcset=\"https:\/\/www.ripleg.com\/wp-content\/uploads\/2023\/01\/P013-3.jpeg 1280w\" loading=\"eager\" style=\"--ratio: 1280 \/ 1024\" sizes=\"(max-width: 1280px) 100vw, 1280px\" class=\"preload-me photo-thumb-lazy-load aspect\" width=\"1280\" height=\"1024\"  alt=\"\" title=\"P013-3\" \/><\/a><\/a><div class=\"album-content-description\" ><div class=\"content-description-inner\"><p class=\"text-small\">Les bords biseaut\u00e9s du MultiShear sont tr\u00e8s esth\u00e9tiques et peu co\u00fbteux en termes de production. Les deux trous filet\u00e9s permettent une fixation stable de l\u2019\u00e9l\u00e9ment de rev\u00eatement.<\/p><\/div><\/div><\/figure>\t\t\t<\/div>\n\t\t\t<div class=\"btn-cntr\">\n\t\t\t\t<a href=\"#\" class=\"hide-thumb-btn\"><\/a>\n\t\t\t\t<a href=\"#\" class=\"auto-play-btn\"><\/a>\n\t\t\t\t<a href=\"#\" class=\"full-screen-btn\"><\/a>\n\t\t\t<\/div>\n\t\t\t<div class=\"scroller-arrow prev\" role=\"button\" tabindex=\"0\" aria-label=\"Prev slide\"><svg aria-hidden=\"true\" class=\"e-font-icon-svg e-fas-chevron-left\" viewBox=\"0 0 320 512\" xmlns=\"http:\/\/www.w3.org\/2000\/svg\"><path d=\"M34.52 239.03L228.87 44.69c9.37-9.37 24.57-9.37 33.94 0l22.67 22.67c9.36 9.36 9.37 24.52.04 33.9L131.49 256l154.02 154.75c9.34 9.38 9.32 24.54-.04 33.9l-22.67 22.67c-9.37 9.37-24.57 9.37-33.94 0L34.52 272.97c-9.37-9.37-9.37-24.57 0-33.94z\"><\/path><\/svg><\/div>\n\t\t\t<div class=\"scroller-arrow next\"  role=\"button\" tabindex=\"0\" aria-label=\"Next slide\"><svg aria-hidden=\"true\" class=\"e-font-icon-svg e-fas-chevron-right\" viewBox=\"0 0 320 512\" xmlns=\"http:\/\/www.w3.org\/2000\/svg\"><path d=\"M285.476 272.971L91.132 467.314c-9.373 9.373-24.569 9.373-33.941 0l-22.667-22.667c-9.357-9.357-9.375-24.522-.04-33.901L188.505 256 34.484 101.255c-9.335-9.379-9.317-24.544.04-33.901l22.667-22.667c9.373-9.373 24.569-9.373 33.941 0L285.475 239.03c9.373 9.372 9.373 24.568.001 33.941z\"><\/path><\/svg><\/div>\n\t\t<\/div>\n\t\t\t\t\t\t<\/div>\n\t\t\t\t<\/div>\n\t\t\t\t\t<\/div>\n\t\t<\/div>\n\t\t\t\t\t<\/div>\n\t\t<\/section>\n\t\t\t\t<section class=\"elementor-section elementor-top-section elementor-element elementor-element-4857580 elementor-section-boxed elementor-section-height-default elementor-section-height-default\" data-id=\"4857580\" data-element_type=\"section\" data-e-type=\"section\">\n\t\t\t\t\t\t<div class=\"elementor-container elementor-column-gap-default\">\n\t\t\t\t\t<div class=\"elementor-column elementor-col-100 elementor-top-column elementor-element elementor-element-f9d27d0\" data-id=\"f9d27d0\" data-element_type=\"column\" data-e-type=\"column\">\n\t\t\t<div class=\"elementor-widget-wrap elementor-element-populated\">\n\t\t\t\t\t\t<div class=\"elementor-element elementor-element-4e75508 elementor-widget elementor-widget-global elementor-global-51788 elementor-widget-text-editor\" data-id=\"4e75508\" data-element_type=\"widget\" data-e-type=\"widget\" data-widget_type=\"text-editor.default\">\n\t\t\t\t\t\t\t\t\t<span class=\"ui-provider cfh cfi c d e f g h i j k l m n o p q r s t cfj cfk w x y z ab ac ae af ag ah ai aj ak\" dir=\"ltr\">Source: TRUMPF Group. <a style=\"color:gray;\" href=\"https:\/\/punchguide.trumpf.com\/\" target=\"_blank\" rel=\"noopener\">View PunchGuide<\/a><\/span>\t\t\t\t\t\t\t\t<\/div>\n\t\t\t\t\t<\/div>\n\t\t<\/div>\n\t\t\t\t\t<\/div>\n\t\t<\/section>\n\t\t\t\t<\/div>\n\t\t","protected":false},"excerpt":{"rendered":"<p>Habillage d\u2019ascenseur Ing\u00e9nierie m\u00e9canique 1 Pi\u00e8ces | 1 Types de formage | 3 Outils de d\u00e9coupe \u00c9l\u00e9ment int\u00e9rieur d\u2019un ascenseur avec des dispositifs de ventilation int\u00e9gr\u00e9s. Avant que la pi\u00e8ce ne soit pli\u00e9e sur la plieuse rotative, toutes les autres caract\u00e9ristiques peuvent \u00eatre r\u00e9alis\u00e9es sur la poin\u00e7onneuse avec une qualit\u00e9 esth\u00e9tique \u00e9lev\u00e9e. Techniques de base&hellip;<\/p>\n","protected":false},"author":5,"featured_media":0,"parent":0,"menu_order":0,"comment_status":"closed","ping_status":"closed","template":"","meta":{"_acf_changed":false,"footnotes":""},"class_list":["post-53401","page","type-page","status-publish","hentry"],"acf":[],"_links":{"self":[{"href":"https:\/\/www.ripleg.com\/fr\/wp-json\/wp\/v2\/pages\/53401","targetHints":{"allow":["GET"]}}],"collection":[{"href":"https:\/\/www.ripleg.com\/fr\/wp-json\/wp\/v2\/pages"}],"about":[{"href":"https:\/\/www.ripleg.com\/fr\/wp-json\/wp\/v2\/types\/page"}],"author":[{"embeddable":true,"href":"https:\/\/www.ripleg.com\/fr\/wp-json\/wp\/v2\/users\/5"}],"replies":[{"embeddable":true,"href":"https:\/\/www.ripleg.com\/fr\/wp-json\/wp\/v2\/comments?post=53401"}],"version-history":[{"count":8,"href":"https:\/\/www.ripleg.com\/fr\/wp-json\/wp\/v2\/pages\/53401\/revisions"}],"predecessor-version":[{"id":55776,"href":"https:\/\/www.ripleg.com\/fr\/wp-json\/wp\/v2\/pages\/53401\/revisions\/55776"}],"wp:attachment":[{"href":"https:\/\/www.ripleg.com\/fr\/wp-json\/wp\/v2\/media?parent=53401"}],"curies":[{"name":"wp","href":"https:\/\/api.w.org\/{rel}","templated":true}]}}